{"id":2961,"date":"2021-06-01T09:53:30","date_gmt":"2021-06-01T09:53:30","guid":{"rendered":"https:\/\/jac-sa.com\/politica-de-cookies"},"modified":"2023-06-23T08:37:03","modified_gmt":"2023-06-23T08:37:03","slug":"politica-de-cookies","status":"publish","type":"page","link":"https:\/\/jac-sa.com\/en\/politica-de-cookies","title":{"rendered":"Pol\u00edtica de Cookies"},"content":{"rendered":"\t\t<div data-elementor-type=\"wp-page\" data-elementor-id=\"2961\" class=\"elementor elementor-2961 elementor-39\" data-elementor-post-type=\"page\">\n\t\t\t\t\t\t<section class=\"elementor-section elementor-top-section elementor-element elementor-element-e1465c7 elementor-section-boxed elementor-section-height-default elementor-section-height-default\" data-id=\"e1465c7\" data-element_type=\"section\" data-e-type=\"section\" data-settings=\"{&quot;jet_parallax_layout_list&quot;:[{&quot;jet_parallax_layout_image&quot;:{&quot;url&quot;:&quot;&quot;,&quot;id&quot;:&quot;&quot;,&quot;size&quot;:&quot;&quot;},&quot;_id&quot;:&quot;cd7804e&quot;,&quot;jet_parallax_layout_image_tablet&quot;:{&quot;url&quot;:&quot;&quot;,&quot;id&quot;:&quot;&quot;,&quot;size&quot;:&quot;&quot;},&quot;jet_parallax_layout_image_mobile&quot;:{&quot;url&quot;:&quot;&quot;,&quot;id&quot;:&quot;&quot;,&quot;size&quot;:&quot;&quot;},&quot;jet_parallax_layout_speed&quot;:{&quot;unit&quot;:&quot;%&quot;,&quot;size&quot;:50,&quot;sizes&quot;:[]},&quot;jet_parallax_layout_type&quot;:&quot;scroll&quot;,&quot;jet_parallax_layout_direction&quot;:&quot;1&quot;,&quot;jet_parallax_layout_fx_direction&quot;:null,&quot;jet_parallax_layout_z_index&quot;:&quot;&quot;,&quot;jet_parallax_layout_bg_x&quot;:50,&quot;jet_parallax_layout_bg_x_tablet&quot;:&quot;&quot;,&quot;jet_parallax_layout_bg_x_mobile&quot;:&quot;&quot;,&quot;jet_parallax_layout_bg_y&quot;:50,&quot;jet_parallax_layout_bg_y_tablet&quot;:&quot;&quot;,&quot;jet_parallax_layout_bg_y_mobile&quot;:&quot;&quot;,&quot;jet_parallax_layout_bg_size&quot;:&quot;auto&quot;,&quot;jet_parallax_layout_bg_size_tablet&quot;:&quot;&quot;,&quot;jet_parallax_layout_bg_size_mobile&quot;:&quot;&quot;,&quot;jet_parallax_layout_animation_prop&quot;:&quot;transform&quot;,&quot;jet_parallax_layout_on&quot;:[&quot;desktop&quot;,&quot;tablet&quot;]}]}\">\n\t\t\t\t\t\t<div class=\"elementor-container elementor-column-gap-default\">\n\t\t\t\t\t<div class=\"elementor-column elementor-col-100 elementor-top-column elementor-element elementor-element-c817b9a\" data-id=\"c817b9a\" data-element_type=\"column\" data-e-type=\"column\">\n\t\t\t<div class=\"elementor-widget-wrap elementor-element-populated\">\n\t\t\t\t\t\t<div class=\"elementor-element elementor-element-c417fdd elementor-widget elementor-widget-heading\" data-id=\"c417fdd\" data-element_type=\"widget\" data-e-type=\"widget\" data-widget_type=\"heading.default\">\n\t\t\t\t<div class=\"elementor-widget-container\">\n\t\t\t\t\t<h1 class=\"elementor-heading-title elementor-size-default\">Pol\u00edtica de Cookies<\/h1>\t\t\t\t<\/div>\n\t\t\t\t<\/div>\n\t\t\t\t<div class=\"elementor-element elementor-element-62b39a8 elementor-widget elementor-widget-text-editor\" data-id=\"62b39a8\" data-element_type=\"widget\" data-e-type=\"widget\" data-widget_type=\"text-editor.default\">\n\t\t\t\t<div class=\"elementor-widget-container\">\n\t\t\t\t\t\t\t\t\t<div>\n<div>\n<div>\n<div><strong>Denominacio\u0301 Social: JAUME ARTIGAS CASELLAS, S.A.<\/strong><\/div>\n<div><strong>Domicili Social: C\/ Borges Blanques, 9\/10. 08140 Caldes de Montbui \u00b7 Barcelona<\/strong><\/div>\n<div><strong>NIF: A-58053620<\/strong><\/div>\n<div><strong>Tel: (+34) 93 837 40 00<\/strong><\/div>\n<div><strong>Correu electro\u00f2nic:<a href=\"mailto:jacsa@jac-sa.com\"> jacsa@jac-sa.com<\/a><\/strong><\/div>\n<\/p>\n<div>En la present pol\u00edtica de cookies, trobar\u00e0 la descripci\u00f3 i finalitat de cadascuna de les cookies utilitzades, aix\u00ed com el seu nom, el servidor d&#8217;enviament, la seva caducitat i en alguns casos l&#8217;exist\u00e8ncia de transfer\u00e8ncia internacional de dades.<\/div>\n<div>La legitimaci\u00f3 per a l&#8217;\u00fas de les cookies estrictament funcionals, ve donada perqu\u00e8 el tractament \u00e9s necessari per al compliment d&#8217;una obligaci\u00f3 legal, conforme la llei 34\/2002 (Llei de Serveis de la Societat de la Informaci\u00f3 i de Comer\u00e7 Electr\u00f2nic).<\/div>\n<div> <\/div>\n<div>La legitimaci\u00f3 per a l&#8217;\u00fas de les cookies amb finalitats anal\u00edtics, d&#8217;optimitzaci\u00f3, de personalitzaci\u00f3, de publicitat comportamental i valoraci\u00f3, est\u00e0 basat en el consentiment que se li ha sol\u00b7licitat, conforme a l&#8217;Art. 6.1.a) del Reglament (UE) 2016\/679.<\/div>\n<div>Utilitzem cookies amb l&#8217;objectiu de prestar un millor servei i proporcionar-te una millor experi\u00e8ncia en la teva navegaci\u00f3. Volem informar-te de manera clara i precisa sobre les cookies que utilitzem, detallant a continuaci\u00f3, qu\u00e8 \u00e9s una cookie, per a qu\u00e8 serveix, quins tipus de cookies utilitzem, quina s\u00f3n la seva finalitat i com pots configurar-les o des habilitar-les si aix\u00ed ho desitges.<\/div>\n<div> <\/div>\n<h3>Qu\u00e8 s\u00f3n les Cookies?<\/h3>\n<div>Cookie \u00e9s un fitxer que es descarrega en el seu ordinador en accedir a la majoria de p\u00e0gines Web. Les cookies permeten a una p\u00e0gina web, entre altres coses, emmagatzemar i recuperar informaci\u00f3 sobre els h\u00e0bits de navegaci\u00f3 d&#8217;un usuari o del seu equip i, depenent de la informaci\u00f3 que continguin i de la forma en qu\u00e8 utilitzi el seu equip, poden utilitzar-se per a recon\u00e8ixer a l&#8217;usuari. Quan accedeixi a una web que utilitza cookies, la web fa que el navegador cre\u00ef en el seu equip (ordinador, tauleta, tel\u00e8fon o similar) petits fitxers amb informaci\u00f3 necess\u00e0ria per al funcionament de la Web. Aquests fitxers denominats cookies, formen part de la tecnologia necess\u00e0ria per al correcte funcionament del lloc web. Les cookies no contenen cap classe d&#8217;informaci\u00f3 personal espec\u00edfica, i la majoria de les mateixes s&#8217;esborren del disc dur en finalitzar la sessi\u00f3 del navegador (les denominades cookies de sessi\u00f3) si b\u00e9 el seu historial de navegaci\u00f3 i cookies s&#8217;emmagatzemen en el seu equip. Les cookies, de manera similar a l&#8217;historial de navegaci\u00f3 o caixet del navegador, poden deixar un rastre sobre la seva activitat en l\u00ednia. Aix\u00f2 \u00e9s especialment important si altres persones poden accedir al seu equip. Pel que en el cas que estigui utilitzant un equip compartit, li recomanem que abans de tancar la sessi\u00f3 elimini la informaci\u00f3 sobre l&#8217;historial de navegaci\u00f3, caixet i cookies.<\/div>\n<div> <\/div>\n<h3>Quins tipus de cookies utilitza aquesta p\u00e0gina web?<\/h3>\n<div><strong>Cookies t\u00e8cniques:<\/strong> S\u00f3n aquelles que permeten a l&#8217;usuari la navegaci\u00f3 a trav\u00e9s d&#8217;una p\u00e0gina web, plataforma o aplicaci\u00f3 i la utilitzaci\u00f3 de les diferents opcions o serveis que en ella existeixin com, per exemple, controlar el tr\u00e0nsit i la comunicaci\u00f3 de dades, identificar la sessi\u00f3, accedir a parts d&#8217;acc\u00e9s restringit, recordar els elements que integren una comanda, realitzar el proc\u00e9s de compra d&#8217;una comanda, realitzar la sol\u00b7licitud d&#8217;inscripci\u00f3 o participaci\u00f3 en un esdeveniment, utilitzar elements de seguretat durant la navegaci\u00f3, emmagatzemar continguts per a la difusi\u00f3 de v\u00eddeos o so o compartir continguts a trav\u00e9s de xarxes socials.<\/div>\n<div> <\/div>\n<div><strong>Cookies de personalitzaci\u00f3:<\/strong> S\u00f3n aquelles que permeten a l&#8217;usuari accedir al servei amb algunes caracter\u00edstiques de car\u00e0cter general predefinides en funci\u00f3 d&#8217;una s\u00e8rie de criteris en el terminal de l&#8217;usuari com per exemple serien l&#8217;idioma, el tipus de navegador a trav\u00e9s del qual accedeix al servei, la configuraci\u00f3 regional des d&#8217;on accedeix al servei, etc.<\/div>\n<div>Cookies d&#8217;an\u00e0lisis: S\u00f3n aquelles que ben tractades per nosaltres o per tercers, ens permeten quantificar el nombre d&#8217;usuaris i aix\u00ed realitzar el mesurament i an\u00e0lisi estad\u00edstica de la utilitzaci\u00f3 que fan els usuaris del servei ofert. Per a aix\u00f2 s&#8217;analitza la seva navegaci\u00f3 en la nostra p\u00e0gina web amb la finalitat de millorar l&#8217;oferta de productes o serveis que li oferim.<\/div>\n<div> <\/div>\n<div><strong>Cookies publicit\u00e0ries:<\/strong> S\u00f3n aquelles que, ben tractades per nosaltres o per tercers, ens permeten gestionar de la forma m\u00e9s efica\u00e7 possible l&#8217;oferta dels espais publicitaris que hi ha en la p\u00e0gina web, adequant el contingut de l&#8217;anunci al contingut del servei sol\u00b7licitat o a l&#8217;\u00fas que realitzi de la nostra p\u00e0gina web. Per a aix\u00f2 podem analitzar els seus h\u00e0bits de navegaci\u00f3 en Internet i podem mostrar-li publicitat relacionada amb el seu perfil de navegaci\u00f3.<\/div>\n<div> <\/div>\n<div><strong>Cookies de publicitat comportamental:<\/strong> S\u00f3n aquelles que permeten la gesti\u00f3, de la forma m\u00e9s efica\u00e7 possible, dels espais publicitaris que, en el seu cas, l&#8217;editor hagi incl\u00f2s en una p\u00e0gina web, aplicaci\u00f3 o plataforma des de la qual presta el servei sol\u00b7licitat. Aquestes cookies emmagatzemen informaci\u00f3 del comportament dels usuaris obtinguda a trav\u00e9s de l&#8217;observaci\u00f3 continuada dels seus h\u00e0bits de navegaci\u00f3, la qual cosa permet desenvolupar un perfil espec\u00edfic per a mostrar publicitat en funci\u00f3 d&#8217;aquest.<\/div>\n<div> <\/div>\n<div><strong>Cookies de tercers:<\/strong> Aquesta web pot utilitzar serveis de tercers que, per compte dels mateixos recopilessin informaci\u00f3 amb finalitats estad\u00edstics, d&#8217;\u00fas del Site per part de l&#8217;usuari i per a la prestaci\u00f3 d&#8217;altres serveis relacionats amb l&#8217;activitat del Website i altres serveis d&#8217;Internet.<\/div>\n<div> <\/div>\n<h3>Finalitat de les COOKIES utilitzades<\/h3>\n<div>A continuaci\u00f3, detallem les cookies utilitzades en la nostra web i la finalitat d&#8217;aquestes. <b>Relaci\u00f3 de cookies utilitzades en el present domini:<\/b><\/div>\n<div> <\/div>\n<\/div>\n<\/div>\n<\/div>\n\t\t\t\t\t\t\t\t<\/div>\n\t\t\t\t<\/div>\n\t\t\t\t<div class=\"elementor-element elementor-element-05aa541 elementor-widget elementor-widget-text-editor\" data-id=\"05aa541\" data-element_type=\"widget\" data-e-type=\"widget\" data-widget_type=\"text-editor.default\">\n\t\t\t\t<div class=\"elementor-widget-container\">\n\t\t\t\t\t\t\t\t\t\n<figure class=\"wp-block-table\">\n<table>\n<thead>\n<tr>\n<td><strong>Cookie<\/strong><\/td>\n<td><strong>Tipus<\/strong><\/td>\n<td><strong>Duraci\u00f3<\/strong><\/td>\n<td><strong>Prop\u00f2sit i finalitat<\/strong><\/td>\n<\/tr>\n<\/thead>\n<tbody>\n<tr>\n<td><em>_ga<\/em><\/td>\n<td>Cookies d&#8217;an\u00e0lisis<\/td>\n<td>2 anys<\/td>\n<td>Registra una identificaci\u00f3 \u00fanica que s&#8217;utilitza per a generar dades estad\u00edstiques sobre com utilitza el visitant el lloc web.<\/td>\n<\/tr>\n<tr>\n<td><em>_gat<\/em><\/td>\n<td>Cookies d&#8217;an\u00e0lisis<\/td>\n<td>1 dia<\/td>\n<td>Utilitzat per Google Analytics per a controlar la taxa de peticions<\/td>\n<\/tr>\n<tr>\n<td><em>_gid<\/em><\/td>\n<td>Cookies d&#8217;an\u00e0lisis<\/td>\n<td>1 dia<\/td>\n<td>Registra una identificaci\u00f3 \u00fanica que s&#8217;utilitza per a generar dades estad\u00edstiques sobre com utilitza el visitant el lloc web.<\/td>\n<\/tr>\n<tr>\n<td><em>_icl_current_language<\/em><\/td>\n<td>Cookies de personalitzaci\u00f3<\/td>\n<td>1 any<\/td>\n<td>Aquesta cookie s&#8217;utilitza per a determinar l&#8217;idioma preferit del visitant i configura l&#8217;idioma corresponentment en el lloc web, si \u00e9s possible<\/td>\n<\/tr>\n<tr>\n<td><em>wpml_referer_url<\/em><\/td>\n<td>Cookies de personalitzaci\u00f3<\/td>\n<td>3 mesos<\/td>\n<td>Aquesta cookie s&#8217;utilitza per a determinar l&#8217;idioma preferit del visitant i configura l&#8217;idioma corresponentment en el lloc web, si \u00e9s possible<\/td>\n<\/tr>\n<\/tbody>\n<\/table>\n<\/figure>\n\t\t\t\t\t\t\t\t<\/div>\n\t\t\t\t<\/div>\n\t\t\t\t<div class=\"elementor-element elementor-element-d24f606 elementor-widget elementor-widget-text-editor\" data-id=\"d24f606\" data-element_type=\"widget\" data-e-type=\"widget\" data-widget_type=\"text-editor.default\">\n\t\t\t\t<div class=\"elementor-widget-container\">\n\t\t\t\t\t\t\t\t\t<h3>Qui utilitza la informaci\u00f3 emmagatzemada en les Cookies?<\/h3>\n<div>La informaci\u00f3 emmagatzemada en les Cookies de la nostra Web \u00e9s utilitzada exclusivament per nosaltres, a excepci\u00f3 d&#8217;aquelles identificades com a \u201cCookies de tercers\u201d, que poden ser utilitzades i gestionades per entitats externes per a proporcionar-nos serveis dirigits a millorar els nostres serveis i l&#8217;experi\u00e8ncia de l&#8217;usuari en navegar en la nostra Plataforma. M\u00e9s informaci\u00f3 en el panell de configuraci\u00f3 de Cookies accessible en tot moment en la nostra Web.<\/div>\n<div> <\/div>\n<h3>Durant quant temps mantindrem la informaci\u00f3?<\/h3>\n<div>Mantindrem la informaci\u00f3 mentre sigui necessari per a la prestaci\u00f3 del servei sol\u00b7licitat, fins que ens manifestis la teva oposici\u00f3 o fins que arrebossats el teu consentiment. En aquests casos, la informaci\u00f3 es mantindr\u00e0 degudament bloquejada sense que la puguem utilitzar mentre sigui necess\u00e0ria per a l&#8217;exercici o defensa de reclamacions legals o contractuals. Una vegada transcorregut aquest termini de temps, les teves dades seran eliminades definitivament.<\/div>\n<div> <\/div>\n<div>En els casos en qu\u00e8 obtenim dades autom\u00e0ticament a trav\u00e9s de cookies, tingues en compte que algunes poden estar instal\u00b7lades durant anys. No obstant aix\u00f2, pots limitar el seu \u00fas en el temps eliminant-les dels navegadors o dispositius.<\/div>\n<h3>Com pot desactivar les cookies?<\/h3>\n<div>En el panell de configuraci\u00f3 de Cookies accessible en tot moment en la nostra Plataforma podr\u00e0s obtenir tota la informaci\u00f3 sobre les Cookies utilitzades en aquesta Web, juntament amb la informaci\u00f3 sobre el prop\u00f2sit, durada i gesti\u00f3 (pr\u00f2pia o per tercers) de cadascuna d&#8217;elles, perqu\u00e8 puguis gestionar l&#8217;activaci\u00f3 i desactivaci\u00f3 de l&#8217;\u00fas d&#8217;aquelles Cookies que no s\u00f3n estrictament necess\u00e0ries per al funcionament de la Web.<\/div>\n<div> <\/div>\n<div>Alternativament, en cas que estiguis navegant per internet, pots deshabilitar en el teu navegador l&#8217;\u00fas de Cookies. T&#8217;indiquem la manera de realitzar-ho en els navegadors m\u00e9s populars:<\/div>\n<div> <\/div>\n<div>Chrome: <a href=\"http:\/\/support.google.com\/chrome\/bin\/answer.py?hl=es&amp;answer=95647\" target=\"_blank\" rel=\"noopener\">http:\/\/support.google.com\/chrome\/bin\/answer.py?hl=es&amp;answer=95647<\/a><\/div>\n<div>Explorer: <a href=\"http:\/\/windows.microsoft.com\/es-es\/windows7\/how-to-manage-cookies-in-internet-explorer-9\" target=\"_blank\" rel=\"noopener\">http:\/\/windows.microsoft.com\/es-es\/windows7\/how-to-manage-cookies-in-internet-explorer-9<\/a><\/div>\n<div>Firefox: <a href=\"http:\/\/support.mozilla.org\/es\/kb\/habilitar-y-deshabilitar-cookies-que-los-sitios-we\" target=\"_blank\" rel=\"noopener\">http:\/\/support.mozilla.org\/es\/kb\/habilitar-y-deshabilitar-cookies-que-los-sitios-we<\/a><\/div>\n<div>Safari: <a href=\"http:\/\/support.apple.com\/kb\/ph5042\" target=\"_blank\" rel=\"noopener\">http:\/\/support.apple.com\/kb\/ph5042<\/a><\/div>\n<div>Safari para IOS: <a href=\"http:\/\/support.apple.com\/kb\/HT1677?viewlocale=es_ES&amp;locale=es_ES\" target=\"_blank\" rel=\"noopener\">http:\/\/support.apple.com\/kb\/HT1677?viewlocale=es_ES&amp;locale=es_ES<\/a><\/div>\n<div> <\/div>\n<div>Si us plau, tingues en compte que tant la teva gesti\u00f3 del panell de configuraci\u00f3 de Cookies, com la teva opci\u00f3 de rebutjar les Cookies \u00e9s espec\u00edfica per a cada navegador que estiguis utilitzant. Per tant, si optes per configurar les Cookies d&#8217;una forma en un dispositiu i desitges que la teva opci\u00f3 s&#8217;apliqui de manera similar a un altre dispositiu, haur\u00e0s d&#8217;activar la mateixa opci\u00f3 per a aquest altre dispositiu.<\/div>\n<h3>Canvis en la Pol\u00edtica de Cookies<\/h3>\n<div>La present Pol\u00edtica de Cookies, es podr\u00e0 modificar quan aix\u00ed ho exigeixi la legislaci\u00f3 vigent a cada moment o quan hi hagu\u00e9s alguna variaci\u00f3 en la mena de cookies utilitzades en el lloc web. Per aix\u00f2, et recomanem revisar aquesta pol\u00edtica cada vegada que accedeixis al nostre lloc web amb l&#8217;objectiu d&#8217;estar adequadament informat sobre com i per a qu\u00e8 usem les cookies.<\/div>\n\t\t\t\t\t\t\t\t<\/div>\n\t\t\t\t<\/div>\n\t\t\t\t\t<\/div>\n\t\t<\/div>\n\t\t\t\t\t<\/div>\n\t\t<\/section>\n\t\t\t\t<\/div>\n\t\t","protected":false},"excerpt":{"rendered":"<p>Pol\u00edtica de Cookies Denominacio\u0301 Social: JAUME ARTIGAS CASELLAS, S.A. Domicili Social: C\/ Borges Blanques, 9\/10. 08140 Caldes de Montbui \u00b7 Barcelona NIF: A-58053620 Tel: (+34) 93 837 40 00 Correu electro\u00f2nic: jacsa@jac-sa.com En la present pol\u00edtica de cookies, trobar\u00e0 la descripci\u00f3 i finalitat de cadascuna de les cookies utilitzades, aix\u00ed com el seu nom, el &#8230; <a title=\"Pol\u00edtica de Cookies\" class=\"read-more\" href=\"https:\/\/jac-sa.com\/en\/politica-de-cookies\" aria-label=\"More on Pol\u00edtica de Cookies\">Read more<\/a><\/p>\n","protected":false},"author":1,"featured_media":0,"parent":0,"menu_order":0,"comment_status":"closed","ping_status":"closed","template":"","meta":{"footnotes":""},"class_list":["post-2961","page","type-page","status-publish"],"_links":{"self":[{"href":"https:\/\/jac-sa.com\/en\/wp-json\/wp\/v2\/pages\/2961","targetHints":{"allow":["GET"]}}],"collection":[{"href":"https:\/\/jac-sa.com\/en\/wp-json\/wp\/v2\/pages"}],"about":[{"href":"https:\/\/jac-sa.com\/en\/wp-json\/wp\/v2\/types\/page"}],"author":[{"embeddable":true,"href":"https:\/\/jac-sa.com\/en\/wp-json\/wp\/v2\/users\/1"}],"replies":[{"embeddable":true,"href":"https:\/\/jac-sa.com\/en\/wp-json\/wp\/v2\/comments?post=2961"}],"version-history":[{"count":4,"href":"https:\/\/jac-sa.com\/en\/wp-json\/wp\/v2\/pages\/2961\/revisions"}],"predecessor-version":[{"id":2968,"href":"https:\/\/jac-sa.com\/en\/wp-json\/wp\/v2\/pages\/2961\/revisions\/2968"}],"wp:attachment":[{"href":"https:\/\/jac-sa.com\/en\/wp-json\/wp\/v2\/media?parent=2961"}],"curies":[{"name":"wp","href":"https:\/\/api.w.org\/{rel}","templated":true}]}}